{"id":1943,"date":"2016-11-19T01:09:56","date_gmt":"2016-11-19T00:09:56","guid":{"rendered":"http:\/\/www.blacha.bombkizlogo.co.pl\/?page_id=1943"},"modified":"2016-11-22T00:32:56","modified_gmt":"2016-11-21T23:32:56","slug":"informationen-uber-die-firma","status":"publish","type":"page","link":"https:\/\/www.blach-lak.com.pl\/de\/informationen-uber-die-firma\/","title":{"rendered":"Informationen \u00fcber die Firma"},"content":{"rendered":"<h1 style=\"text-align: center;\"><span style=\"color: #808080;\"><em>Renovierung von historischen Autos<\/em><\/span><\/h1>\n<p style=\"text-align: center;\"><em><strong><span style=\"color: #000000;\">Blach-Lak<\/span><\/strong> ist eine Familienfirma, die seit 30 Jahren auf dem Automarkt t\u00e4tig ist. Wir besch\u00e4ftigen uns mit der umfassenden Reparatur der PKW-s. \u00dcber die gute Qualit\u00e4t unserer Dienstleistungen zeugt die langj\u00e4hrige Zusammenarbeit mit dem autorisierten Service von Ford und Mercedes. Zur Zeit bieten wir die Reparatur, Renovierung und Rekonstruktion von alten Autos aller Marken an. ,<br \/>\nUnsere Dienstleistungen umfassen:<\/em><br \/>\n<em> &#8211; die Reparatur und die Rekonstruktion im Bereich Klempnerei-Lackieren<\/em><br \/>\n<em> &#8211; die Polsterungsreparatur<\/em><br \/>\n<em> &#8211; die Wartung der Karosserie<\/em><br \/>\n<em> &#8211; die Reparatur des Motors und der mechanischen Untergruppen.<\/em><\/p>\n<p style=\"text-align: center;\"><em>Die Priorit\u00e4ten, den wir seit vielen Jahren treu sind, lie\u03b2en uns einen technologischen Zyklus der Autoreparatur in,<\/em><br \/>\n<em> der Firma <strong><span style=\"color: #000000;\">Blach-Lak<\/span><\/strong>. ausarbeiten. Die Qualit\u00e4t ist ein Schl\u00fcssel f\u00fcr diesen Zyklus.<\/em><\/p>\n<p style=\"text-align: center;\"><em>Nasi pracownicy to w przewa\u017caj\u0105cej cz\u0119\u015bci cz\u0142onkowie rodziny, godni zaufania, znakomici fachowcy.<\/em><br \/>\n<em> Unsere Mitarbeiter geh\u00f6ren vor allem unserer Familie. Sie sind vertrauensvoll und gute Spezialisten. Wir arbeiten immer mit Leidenschaft und glauben, dass wir etwas Sch\u00f6nes und Einzigartiges erschaffen. <\/em><br \/>\n<em> F\u00fcr uns hat jedes Auto seine eigene Seele, die wir neu entdecken helfen.<\/em><\/p>\n","protected":false},"excerpt":{"rendered":"<p>Renovierung von historischen Autos Blach-Lak ist eine Familienfirma, die seit 30 Jahren auf dem Automarkt t\u00e4tig ist. Wir besch\u00e4ftigen uns mit der umfassenden Reparatur der PKW-s. \u00dcber die gute Qualit\u00e4t unserer Dienstleistungen zeugt die langj\u00e4hrige Zusammenarbeit mit dem autorisierten Service von Ford und Mercedes. Zur Zeit bieten wir die Reparatur, Renovierung und Rekonstruktion von alten [&hellip;]<\/p>\n","protected":false},"author":1,"featured_media":0,"parent":0,"menu_order":0,"comment_status":"closed","ping_status":"closed","template":"","meta":{"rop_custom_images_group":[],"rop_custom_messages_group":[],"rop_publish_now":"initial","rop_publish_now_accounts":[],"rop_publish_now_history":[],"rop_publish_now_status":"pending","ngg_post_thumbnail":0,"footnotes":""},"class_list":["post-1943","page","type-page","status-publish","hentry"],"_links":{"self":[{"href":"https:\/\/www.blach-lak.com.pl\/de\/wp-json\/wp\/v2\/pages\/1943","targetHints":{"allow":["GET"]}}],"collection":[{"href":"https:\/\/www.blach-lak.com.pl\/de\/wp-json\/wp\/v2\/pages"}],"about":[{"href":"https:\/\/www.blach-lak.com.pl\/de\/wp-json\/wp\/v2\/types\/page"}],"author":[{"embeddable":true,"href":"https:\/\/www.blach-lak.com.pl\/de\/wp-json\/wp\/v2\/users\/1"}],"replies":[{"embeddable":true,"href":"https:\/\/www.blach-lak.com.pl\/de\/wp-json\/wp\/v2\/comments?post=1943"}],"version-history":[{"count":3,"href":"https:\/\/www.blach-lak.com.pl\/de\/wp-json\/wp\/v2\/pages\/1943\/revisions"}],"predecessor-version":[{"id":7670,"href":"https:\/\/www.blach-lak.com.pl\/de\/wp-json\/wp\/v2\/pages\/1943\/revisions\/7670"}],"wp:attachment":[{"href":"https:\/\/www.blach-lak.com.pl\/de\/wp-json\/wp\/v2\/media?parent=1943"}],"curies":[{"name":"wp","href":"https:\/\/api.w.org\/{rel}","templated":true}]}}