{"id":709,"date":"2016-11-18T17:39:08","date_gmt":"2016-11-18T16:39:08","guid":{"rendered":"http:\/\/www.blacha.bombkizlogo.co.pl\/?page_id=709"},"modified":"2016-11-22T02:20:09","modified_gmt":"2016-11-22T01:20:09","slug":"autoklempnerei","status":"publish","type":"page","link":"https:\/\/www.blach-lak.com.pl\/de\/autoklempnerei\/","title":{"rendered":"Autoklempnerei"},"content":{"rendered":"<p style=\"text-align: justify;\">Wir geben uns gro\u03b2e M\u00fche, um alle Blechreparaturen sorgf\u00e4ltig auszuf\u00fchren.<\/p>\n<p style=\"text-align: justify;\">Das besch\u00e4digte Fahrzeug wird zuerst v\u00f6llig demontiert. Dann werden die verrosteten Stellen entfernt und mit einem neuen Blech abgedeckt.<\/p>\n<p style=\"text-align: justify;\">Falls der Erwerb von Blechersatzteilen nicht m\u00f6glich ist, stellen wir auch viele Teile in Eigenarbeit selbst her.<\/p>\n<p style=\"text-align: justify;\">Wir haben alle n\u00f6tigen Schwei\u03b2ger\u00e4te und die Rahmen f\u00fcr Karosseriereparatur.<\/p>\n<p style=\"text-align: justify;\">Seit mehr als drei Jahren arbeiten wir gemeinsam bei der umfassenden Schadenabwicklung mit einer Versicherungsgesellschaft \u201eWarta\u201c, die zu den Leitbetrieben geh\u00f6rt.<\/p>\n","protected":false},"excerpt":{"rendered":"<p>Wir geben uns gro\u03b2e M\u00fche, um alle Blechreparaturen sorgf\u00e4ltig auszuf\u00fchren. Das besch\u00e4digte Fahrzeug wird zuerst v\u00f6llig demontiert. Dann werden die verrosteten Stellen entfernt und mit einem neuen Blech abgedeckt. Falls der Erwerb von Blechersatzteilen nicht m\u00f6glich ist, stellen wir auch viele Teile in Eigenarbeit selbst her. Wir haben alle n\u00f6tigen Schwei\u03b2ger\u00e4te und die Rahmen f\u00fcr [&hellip;]<\/p>\n","protected":false},"author":1,"featured_media":0,"parent":0,"menu_order":0,"comment_status":"closed","ping_status":"closed","template":"","meta":{"rop_custom_images_group":[],"rop_custom_messages_group":[],"rop_publish_now":"initial","rop_publish_now_accounts":[],"rop_publish_now_history":[],"rop_publish_now_status":"pending","ngg_post_thumbnail":0,"footnotes":""},"class_list":["post-709","page","type-page","status-publish","hentry"],"_links":{"self":[{"href":"https:\/\/www.blach-lak.com.pl\/de\/wp-json\/wp\/v2\/pages\/709","targetHints":{"allow":["GET"]}}],"collection":[{"href":"https:\/\/www.blach-lak.com.pl\/de\/wp-json\/wp\/v2\/pages"}],"about":[{"href":"https:\/\/www.blach-lak.com.pl\/de\/wp-json\/wp\/v2\/types\/page"}],"author":[{"embeddable":true,"href":"https:\/\/www.blach-lak.com.pl\/de\/wp-json\/wp\/v2\/users\/1"}],"replies":[{"embeddable":true,"href":"https:\/\/www.blach-lak.com.pl\/de\/wp-json\/wp\/v2\/comments?post=709"}],"version-history":[{"count":11,"href":"https:\/\/www.blach-lak.com.pl\/de\/wp-json\/wp\/v2\/pages\/709\/revisions"}],"predecessor-version":[{"id":7682,"href":"https:\/\/www.blach-lak.com.pl\/de\/wp-json\/wp\/v2\/pages\/709\/revisions\/7682"}],"wp:attachment":[{"href":"https:\/\/www.blach-lak.com.pl\/de\/wp-json\/wp\/v2\/media?parent=709"}],"curies":[{"name":"wp","href":"https:\/\/api.w.org\/{rel}","templated":true}]}}